{"id":41,"date":"2019-07-05T17:32:42","date_gmt":"2019-07-05T17:32:42","guid":{"rendered":"https:\/\/myartbook.com.ar\/?page_id=41"},"modified":"2021-05-08T15:59:57","modified_gmt":"2021-05-08T15:59:57","slug":"nosotros","status":"publish","type":"page","link":"https:\/\/myartbook.com.ar\/en\/nosotros\/","title":{"rendered":"ABOUT"},"content":{"rendered":"<div data-elementor-type=\"wp-post\" data-elementor-id=\"41\" class=\"elementor elementor-41\" data-elementor-settings=\"[]\">\n\t\t\t\t\t\t<div class=\"elementor-inner\">\n\t\t\t\t\t\t\t<div class=\"elementor-section-wrap\">\n\t\t\t\t\t\t\t<section class=\"elementor-section elementor-top-section elementor-element elementor-element-6eabde4 elementor-section-height-min-height elementor-section-content-middle elementor-section-stretched elementor-section-full_width elementor-section-height-default elementor-section-items-middle\" data-id=\"6eabde4\" data-element_type=\"section\" data-settings=\"{&quot;background_background&quot;:&quot;classic&quot;,&quot;stretch_section&quot;:&quot;section-stretched&quot;}\">\n\t\t\t\t\t\t\t<div class=\"elementor-background-overlay\"><\/div>\n\t\t\t\t\t\t\t<div class=\"elementor-container elementor-column-gap-no\">\n\t\t\t\t\t\t\t<div class=\"elementor-row\">\n\t\t\t\t\t<div class=\"elementor-column elementor-col-100 elementor-top-column elementor-element elementor-element-0927f7e\" data-id=\"0927f7e\" data-element_type=\"column\">\n\t\t\t<div class=\"elementor-column-wrap elementor-element-populated\">\n\t\t\t\t\t\t\t<div class=\"elementor-widget-wrap\">\n\t\t\t\t\t\t<div class=\"elementor-element elementor-element-2626d1d elementor-widget elementor-widget-image\" data-id=\"2626d1d\" data-element_type=\"widget\" data-widget_type=\"image.default\">\n\t\t\t\t<div class=\"elementor-widget-container\">\n\t\t\t\t\t\t\t\t<div class=\"elementor-image\">\n\t\t\t\t\t\t\t\t\t\t\t\t<img width=\"480\" height=\"56\" src=\"https:\/\/myartbook.com.ar\/wp-content\/uploads\/2019\/08\/MYARTBOOK-copy.png\" class=\"attachment-large size-large\" alt=\"\" loading=\"lazy\" srcset=\"https:\/\/myartbook.com.ar\/wp-content\/uploads\/2019\/08\/MYARTBOOK-copy.png 480w, https:\/\/myartbook.com.ar\/wp-content\/uploads\/2019\/08\/MYARTBOOK-copy-300x35.png 300w\" sizes=\"(max-width: 480px) 100vw, 480px\" \/>\t\t\t\t\t\t\t\t\t\t\t\t\t\t<\/div>\n\t\t\t\t\t\t<\/div>\n\t\t\t\t<\/div>\n\t\t\t\t<div class=\"elementor-element elementor-element-15e72a5 elementor-widget elementor-widget-heading\" data-id=\"15e72a5\" data-element_type=\"widget\" data-widget_type=\"heading.default\">\n\t\t\t\t<div class=\"elementor-widget-container\">\n\t\t\t<h2 class=\"elementor-heading-title elementor-size-default\">Qui\u00e9nes Somos<\/h2>\t\t<\/div>\n\t\t\t\t<\/div>\n\t\t\t\t\t\t<\/div>\n\t\t\t\t\t<\/div>\n\t\t<\/div>\n\t\t\t\t\t\t\t\t<\/div>\n\t\t\t\t\t<\/div>\n\t\t<\/section>\n\t\t\t\t<section class=\"elementor-section elementor-top-section elementor-element elementor-element-314f50b elementor-section-boxed elementor-section-height-default elementor-section-height-default\" data-id=\"314f50b\" data-element_type=\"section\">\n\t\t\t\t\t\t<div class=\"elementor-container elementor-column-gap-default\">\n\t\t\t\t\t\t\t<div class=\"elementor-row\">\n\t\t\t\t\t<div class=\"elementor-column elementor-col-100 elementor-top-column elementor-element elementor-element-c8e5309\" data-id=\"c8e5309\" data-element_type=\"column\">\n\t\t\t<div class=\"elementor-column-wrap elementor-element-populated\">\n\t\t\t\t\t\t\t<div class=\"elementor-widget-wrap\">\n\t\t\t\t\t\t<div class=\"elementor-element elementor-element-abaa72a elementor-widget elementor-widget-spacer\" data-id=\"abaa72a\" data-element_type=\"widget\" data-widget_type=\"spacer.default\">\n\t\t\t\t<div class=\"elementor-widget-container\">\n\t\t\t\t\t<div class=\"elementor-spacer\">\n\t\t\t<div class=\"elementor-spacer-inner\"><\/div>\n\t\t<\/div>\n\t\t\t\t<\/div>\n\t\t\t\t<\/div>\n\t\t\t\t\t\t<\/div>\n\t\t\t\t\t<\/div>\n\t\t<\/div>\n\t\t\t\t\t\t\t\t<\/div>\n\t\t\t\t\t<\/div>\n\t\t<\/section>\n\t\t\t\t<section class=\"elementor-section elementor-top-section elementor-element elementor-element-ddc7bdd elementor-section-boxed elementor-section-height-default elementor-section-height-default\" data-id=\"ddc7bdd\" data-element_type=\"section\">\n\t\t\t\t\t\t<div class=\"elementor-container elementor-column-gap-default\">\n\t\t\t\t\t\t\t<div class=\"elementor-row\">\n\t\t\t\t\t<div class=\"elementor-column elementor-col-50 elementor-top-column elementor-element elementor-element-97ceb13\" data-id=\"97ceb13\" data-element_type=\"column\">\n\t\t\t<div class=\"elementor-column-wrap elementor-element-populated\">\n\t\t\t\t\t\t\t<div class=\"elementor-widget-wrap\">\n\t\t\t\t\t\t<div class=\"elementor-element elementor-element-7ca30c6 elementor-widget elementor-widget-image\" data-id=\"7ca30c6\" data-element_type=\"widget\" data-widget_type=\"image.default\">\n\t\t\t\t<div class=\"elementor-widget-container\">\n\t\t\t\t\t\t\t\t<div class=\"elementor-image\">\n\t\t\t\t\t\t\t\t\t\t\t\t<img width=\"368\" height=\"316\" src=\"https:\/\/myartbook.com.ar\/wp-content\/uploads\/2019\/08\/Screen-Shot-2019-08-17-at-2.25.23-PM.png\" class=\"attachment-large size-large\" alt=\"\" loading=\"lazy\" srcset=\"https:\/\/myartbook.com.ar\/wp-content\/uploads\/2019\/08\/Screen-Shot-2019-08-17-at-2.25.23-PM.png 368w, https:\/\/myartbook.com.ar\/wp-content\/uploads\/2019\/08\/Screen-Shot-2019-08-17-at-2.25.23-PM-300x258.png 300w\" sizes=\"(max-width: 368px) 100vw, 368px\" \/>\t\t\t\t\t\t\t\t\t\t\t\t\t\t<\/div>\n\t\t\t\t\t\t<\/div>\n\t\t\t\t<\/div>\n\t\t\t\t\t\t<\/div>\n\t\t\t\t\t<\/div>\n\t\t<\/div>\n\t\t\t\t<div class=\"elementor-column elementor-col-50 elementor-top-column elementor-element elementor-element-a1b57a2\" data-id=\"a1b57a2\" data-element_type=\"column\">\n\t\t\t<div class=\"elementor-column-wrap elementor-element-populated\">\n\t\t\t\t\t\t\t<div class=\"elementor-widget-wrap\">\n\t\t\t\t\t\t<div class=\"elementor-element elementor-element-afb0c74 elementor-widget elementor-widget-text-editor\" data-id=\"afb0c74\" data-element_type=\"widget\" data-widget_type=\"text-editor.default\">\n\t\t\t\t<div class=\"elementor-widget-container\">\n\t\t\t\t\t\t\t\t<div class=\"elementor-text-editor elementor-clearfix\">\n\t\t\t\t\tMY ART BOOK es un proyecto de <a class=\"kumquatlink\" style=\"color: #fd6108; font-weight: bold; text-decoration: underline;\" href=\"https:\/\/kumquat.com.ar\/\"target=\"_blank\">KUMQUAT<\/a> ediciones. KUMQUAT es una editorial fundada en 1999 en la Argentina, dedicada a la publicaci\u00f3n de libros infantiles. Nuestra editorial tambi\u00e9n ha incursionado en libros de arte y por eso, MY ART BOOK es la combinaci\u00f3n perfecta de ambos mundos. Desde nuestros inicios, nos hemos caracterizado por realizar libros innovadores tanto en dise\u00f1o como en contenidos. Hoy, la mayor parte de nuestros libros son parte de la importante editorial de los EEUU, Scholastic. La idea de muchos de nuestros libros infantiles es recrear cosas tradicionales, ideas, vivencias que se fueron perdiendo en el tiempo y que vale la pena rescatar. Ese mismo esp\u00edritu es lo que nos inspir\u00f3 a crear el proyecto de MY ART BOOK.\t\t\t\t\t<\/div>\n\t\t\t\t\t\t<\/div>\n\t\t\t\t<\/div>\n\t\t\t\t<div class=\"elementor-element elementor-element-57a8b41 elementor-widget elementor-widget-text-editor\" data-id=\"57a8b41\" data-element_type=\"widget\" data-widget_type=\"text-editor.default\">\n\t\t\t\t<div class=\"elementor-widget-container\">\n\t\t\t\t\t\t\t\t<div class=\"elementor-text-editor elementor-clearfix\">\n\t\t\t\t\t<p>ALEJANDRA LONGO, periodista y editora, es la directora de KUMQUAT y MY ART BOOK.<\/p>\t\t\t\t\t<\/div>\n\t\t\t\t\t\t<\/div>\n\t\t\t\t<\/div>\n\t\t\t\t\t\t<\/div>\n\t\t\t\t\t<\/div>\n\t\t<\/div>\n\t\t\t\t\t\t\t\t<\/div>\n\t\t\t\t\t<\/div>\n\t\t<\/section>\n\t\t\t\t\t\t<\/div>\n\t\t\t\t\t\t<\/div>\n\t\t\t\t\t<\/div>","protected":false},"excerpt":{"rendered":"<p>Qui\u00e9nes Somos MY ART BOOK es un proyecto de KUMQUAT ediciones. KUMQUAT es una editorial fundada en 1999 en la Argentina, dedicada a la publicaci\u00f3n de libros infantiles. Nuestra editorial tambi\u00e9n ha incursionado en libros de arte y por eso, MY ART BOOK es la combinaci\u00f3n perfecta de ambos mundos. Desde nuestros inicios, nos hemos &hellip;<\/p>\n<p class=\"read-more\"> <a class=\"\" href=\"https:\/\/myartbook.com.ar\/en\/nosotros\/\"> <span class=\"screen-reader-text\">ABOUT<\/span> Read More &raquo;<\/a><\/p>","protected":false},"author":1,"featured_media":0,"parent":0,"menu_order":0,"comment_status":"closed","ping_status":"closed","template":"","meta":{"spay_email":""},"_links":{"self":[{"href":"https:\/\/myartbook.com.ar\/en\/wp-json\/wp\/v2\/pages\/41"}],"collection":[{"href":"https:\/\/myartbook.com.ar\/en\/wp-json\/wp\/v2\/pages"}],"about":[{"href":"https:\/\/myartbook.com.ar\/en\/wp-json\/wp\/v2\/types\/page"}],"author":[{"embeddable":true,"href":"https:\/\/myartbook.com.ar\/en\/wp-json\/wp\/v2\/users\/1"}],"replies":[{"embeddable":true,"href":"https:\/\/myartbook.com.ar\/en\/wp-json\/wp\/v2\/comments?post=41"}],"version-history":[{"count":55,"href":"https:\/\/myartbook.com.ar\/en\/wp-json\/wp\/v2\/pages\/41\/revisions"}],"predecessor-version":[{"id":840,"href":"https:\/\/myartbook.com.ar\/en\/wp-json\/wp\/v2\/pages\/41\/revisions\/840"}],"wp:attachment":[{"href":"https:\/\/myartbook.com.ar\/en\/wp-json\/wp\/v2\/media?parent=41"}],"curies":[{"name":"wp","href":"https:\/\/api.w.org\/{rel}","templated":true}]}}