{"id":49,"date":"2019-07-05T17:37:19","date_gmt":"2019-07-05T17:37:19","guid":{"rendered":"https:\/\/myartbook.com.ar\/?page_id=49"},"modified":"2021-05-08T15:49:17","modified_gmt":"2021-05-08T15:49:17","slug":"terminos-y-condiciones","status":"publish","type":"page","link":"https:\/\/myartbook.com.ar\/en\/terminos-y-condiciones\/","title":{"rendered":"T\u00c9RMINOS Y CONDICIONES"},"content":{"rendered":"<div data-elementor-type=\"wp-post\" data-elementor-id=\"49\" class=\"elementor elementor-49\" data-elementor-settings=\"[]\">\n\t\t\t\t\t\t<div class=\"elementor-inner\">\n\t\t\t\t\t\t\t<div class=\"elementor-section-wrap\">\n\t\t\t\t\t\t\t<section class=\"elementor-section elementor-top-section elementor-element elementor-element-48c6241 elementor-section-boxed elementor-section-height-default elementor-section-height-default\" data-id=\"48c6241\" data-element_type=\"section\">\n\t\t\t\t\t\t<div class=\"elementor-container elementor-column-gap-default\">\n\t\t\t\t\t\t\t<div class=\"elementor-row\">\n\t\t\t\t\t<div class=\"elementor-column elementor-col-100 elementor-top-column elementor-element elementor-element-d35b0a4\" data-id=\"d35b0a4\" data-element_type=\"column\">\n\t\t\t<div class=\"elementor-column-wrap elementor-element-populated\">\n\t\t\t\t\t\t\t<div class=\"elementor-widget-wrap\">\n\t\t\t\t\t\t<div class=\"elementor-element elementor-element-ad6ad06 elementor-widget elementor-widget-spacer\" data-id=\"ad6ad06\" data-element_type=\"widget\" data-widget_type=\"spacer.default\">\n\t\t\t\t<div class=\"elementor-widget-container\">\n\t\t\t\t\t<div class=\"elementor-spacer\">\n\t\t\t<div class=\"elementor-spacer-inner\"><\/div>\n\t\t<\/div>\n\t\t\t\t<\/div>\n\t\t\t\t<\/div>\n\t\t\t\t\t\t<\/div>\n\t\t\t\t\t<\/div>\n\t\t<\/div>\n\t\t\t\t\t\t\t\t<\/div>\n\t\t\t\t\t<\/div>\n\t\t<\/section>\n\t\t\t\t<section class=\"elementor-section elementor-top-section elementor-element elementor-element-8eb95e8 elementor-section-full_width elementor-section-height-min-height elementor-section-stretched elementor-section-height-default elementor-section-items-middle elementor-invisible\" data-id=\"8eb95e8\" data-element_type=\"section\" data-settings=\"{&quot;stretch_section&quot;:&quot;section-stretched&quot;,&quot;animation&quot;:&quot;fadeIn&quot;}\">\n\t\t\t\t\t\t<div class=\"elementor-container elementor-column-gap-no\">\n\t\t\t\t\t\t\t<div class=\"elementor-row\">\n\t\t\t\t\t<div class=\"elementor-column elementor-col-100 elementor-top-column elementor-element elementor-element-0c50cfd\" data-id=\"0c50cfd\" data-element_type=\"column\">\n\t\t\t<div class=\"elementor-column-wrap elementor-element-populated\">\n\t\t\t\t\t\t\t<div class=\"elementor-widget-wrap\">\n\t\t\t\t\t\t<div class=\"elementor-element elementor-element-cd5eae9 elementor-widget elementor-widget-text-editor\" data-id=\"cd5eae9\" data-element_type=\"widget\" data-widget_type=\"text-editor.default\">\n\t\t\t\t<div class=\"elementor-widget-container\">\n\t\t\t\t\t\t\t\t<div class=\"elementor-text-editor elementor-clearfix\">\n\t\t\t\t\t<p>T\u00c9RMINOS Y CONDICIONES<\/p>\t\t\t\t\t<\/div>\n\t\t\t\t\t\t<\/div>\n\t\t\t\t<\/div>\n\t\t\t\t\t\t<\/div>\n\t\t\t\t\t<\/div>\n\t\t<\/div>\n\t\t\t\t\t\t\t\t<\/div>\n\t\t\t\t\t<\/div>\n\t\t<\/section>\n\t\t\t\t<section class=\"elementor-section elementor-top-section elementor-element elementor-element-fbcdb77 elementor-section-height-min-height elementor-section-boxed elementor-section-height-default elementor-section-items-middle\" data-id=\"fbcdb77\" data-element_type=\"section\">\n\t\t\t\t\t\t<div class=\"elementor-container elementor-column-gap-default\">\n\t\t\t\t\t\t\t<div class=\"elementor-row\">\n\t\t\t\t\t<div class=\"elementor-column elementor-col-100 elementor-top-column elementor-element elementor-element-06ffc59\" data-id=\"06ffc59\" data-element_type=\"column\">\n\t\t\t<div class=\"elementor-column-wrap elementor-element-populated\">\n\t\t\t\t\t\t\t<div class=\"elementor-widget-wrap\">\n\t\t\t\t\t\t<div class=\"elementor-element elementor-element-dca7c44 elementor--h-position-center elementor--v-position-middle elementor-widget elementor-widget-slides\" data-id=\"dca7c44\" data-element_type=\"widget\" data-settings=\"{&quot;navigation&quot;:&quot;none&quot;,&quot;autoplay_speed&quot;:3500,&quot;autoplay&quot;:&quot;yes&quot;,&quot;pause_on_interaction&quot;:&quot;yes&quot;,&quot;infinite&quot;:&quot;yes&quot;,&quot;transition&quot;:&quot;slide&quot;,&quot;transition_speed&quot;:500}\" data-widget_type=\"slides.default\">\n\t\t\t\t<div class=\"elementor-widget-container\">\n\t\t\t\t\t<div class=\"elementor-swiper\">\n\t\t\t<div class=\"elementor-slides-wrapper elementor-main-swiper swiper-container\" dir=\"ltr\" data-animation=\"fadeInUp\">\n\t\t\t\t<div class=\"swiper-wrapper elementor-slides\">\n\t\t\t\t\t<div class=\"elementor-repeater-item-9c2b1cc swiper-slide\"><div class=\"swiper-slide-bg\"><\/div><div class=\"swiper-slide-inner\" ><div class=\"swiper-slide-contents\"><\/div><\/div><\/div>\t\t\t\t<\/div>\n\t\t\t\t\t\t\t<\/div>\n\t\t<\/div>\n\t\t\t\t<\/div>\n\t\t\t\t<\/div>\n\t\t\t\t\t\t<\/div>\n\t\t\t\t\t<\/div>\n\t\t<\/div>\n\t\t\t\t\t\t\t\t<\/div>\n\t\t\t\t\t<\/div>\n\t\t<\/section>\n\t\t\t\t<section class=\"elementor-section elementor-top-section elementor-element elementor-element-1021b5d elementor-section-stretched elementor-section-full_width elementor-section-height-default elementor-section-height-default\" data-id=\"1021b5d\" data-element_type=\"section\" data-settings=\"{&quot;stretch_section&quot;:&quot;section-stretched&quot;}\">\n\t\t\t\t\t\t<div class=\"elementor-container elementor-column-gap-default\">\n\t\t\t\t\t\t\t<div class=\"elementor-row\">\n\t\t\t\t\t<div class=\"elementor-column elementor-col-100 elementor-top-column elementor-element elementor-element-db4979f\" data-id=\"db4979f\" data-element_type=\"column\">\n\t\t\t<div class=\"elementor-column-wrap elementor-element-populated\">\n\t\t\t\t\t\t\t<div class=\"elementor-widget-wrap\">\n\t\t\t\t\t\t<div class=\"elementor-element elementor-element-8e91a68 elementor-widget elementor-widget-text-editor\" data-id=\"8e91a68\" data-element_type=\"widget\" data-widget_type=\"text-editor.default\">\n\t\t\t\t<div class=\"elementor-widget-container\">\n\t\t\t\t\t\t\t\t<div class=\"elementor-text-editor elementor-clearfix\">\n\t\t\t\t\t<p><span style=\"color: #fd6108; font-size: 30px;\">1.<\/span> MY ART BOOK se reserva el derecho de utilizar tus libros y tus dibujos como elementos de publicidad a menos que el cliente especifique lo contrario en el momento de comprar el libro.<br \/><br \/><span style=\"color: #fd6108; font-size: 30px;\">2.<\/span> A veces es necesario sacar de los dibujos u obras de arte broches, cintas, pegamentos, hilos y diferentes elementos para poder fotografiar y escanear las obras de arte. Tambi\u00e9n podemos sacar marcos o despegar un soporte como cartulina o telgopor si lo\u00a0consideramos necesario para lograr la mejor imagen posible. No\u00a0volveremos a rearmar nada de lo que se desarm\u00f3.<br \/><br \/><span style=\"color: #fd6108; font-size: 30px;\">3.<\/span> Haremos lo posible por incluir todo el material que nos env\u00eden, pero\u00a0podremos rechazar alguno si as\u00ed lo consideramos.<br \/><br \/><span style=\"color: #fd6108; font-size: 30px;\">4.<\/span> La reproducci\u00f3n de obras que est\u00e9n dobladas o enrolladas, pueden\u00a0tener pliegues o arrugas en la reproducci\u00f3n de la misma. Podemos\u00a0arreglarlas con Photoshop con un costo adicional. Si consideramos\u00a0que alguna obra requiere esto, nos comunicaremos para ver si lo\u00a0realizamos o no.<br \/><br \/><span style=\"color: #fd6108; font-size: 30px;\">5.<\/span> Los colores y sombras de las reproducciones pueden ser un poquito diferentes de los originales, pero trataremos de que sean lo m\u00e1s fieles posibles al original.<br \/><br \/><span style=\"color: #fd6108; font-size: 30px;\">6.<\/span> No se podr\u00e1 exigir reembolso ya que los libros se hacen a pedido.<br \/><br \/><span style=\"color: #fd6108; font-size: 30px;\">7.<\/span> Tomaremos todas las precauciones para devolver las obras en el mismo estado en que las recibimos, pero no tomamos responsabilidad por cualquier da\u00f1o causado a las mismas.<br \/><br \/><span style=\"color: #fd6108; font-size: 30px;\">8.<\/span> Una vez entregada la carpeta con las obras, lamentablemente no podemos aceptar ninguna obra adicional.<br \/><br \/><span style=\"color: #fd6108; font-size: 30px;\">9.<\/span> El precio de los libros se basa en la cantidad de obras y los libros pueden variar en cantidad de p\u00e1ginas dependiendo de c\u00f3mo sean repartidas las im\u00e1genes. Algunas podr\u00e1n ir a doble p\u00e1gina, otras pueden ir agrupadas en una sola p\u00e1gina de acuerdo a lo que creemos que quede mejor.<br \/><br \/><span style=\"color: #fd6108; font-size: 30px;\">10.<\/span> Una vez enviada la prueba del libro, solo se podr\u00e1n realizar tres peque\u00f1os cambios sin costo alguno. Si desean hacer m\u00e1s cambios, tendr\u00e1 un costo adicional de acuerdo al cambio deseado.<br \/><br \/><span style=\"color: #fd6108; font-size: 30px;\">11.<\/span> No empezaremos a trabajar en un libro hasta que no recibamos el pago, la carpeta con las obras, y una foto en alta resoluci\u00f3n del ni\u00f1o \/ ni\u00f1a autor del libro, a menos que no deseen incluir una foto.<br \/><br \/><span style=\"color: #fd6108; font-size: 30px;\">12.<\/span> Enviaremos una prueba del libro dentro de las 2 \/ 3 semanas de recibido el material. Una vez que nos confirmen que est\u00e1n de acuerdo con la prueba enviada, recibir\u00e1n su libro en aproximadamente 2 \/ 3 semanas.<br \/><br \/><span style=\"color: #fd6108; font-size: 30px;\">13.<\/span> El env\u00edo de la carpeta para los dibujos tiene un costo de $500 que se deducir\u00e1 del precio total del libro. El dep\u00f3sito no es reembolsable si no se realiza el libro. El env\u00edo de la carpeta con las obras de arte, implica la aceptaci\u00f3n de los t\u00e9rminos y condiciones.<\/p>\t\t\t\t\t<\/div>\n\t\t\t\t\t\t<\/div>\n\t\t\t\t<\/div>\n\t\t\t\t\t\t<\/div>\n\t\t\t\t\t<\/div>\n\t\t<\/div>\n\t\t\t\t\t\t\t\t<\/div>\n\t\t\t\t\t<\/div>\n\t\t<\/section>\n\t\t\t\t\t\t<\/div>\n\t\t\t\t\t\t<\/div>\n\t\t\t\t\t<\/div>","protected":false},"excerpt":{"rendered":"<p>T\u00c9RMINOS Y CONDICIONES 1. MY ART BOOK se reserva el derecho de utilizar tus libros y tus dibujos como elementos de publicidad a menos que el cliente especifique lo contrario en el momento de comprar el libro. 2. A veces es necesario sacar de los dibujos u obras de arte broches, cintas, pegamentos, hilos y &hellip;<\/p>\n<p class=\"read-more\"> <a class=\"\" href=\"https:\/\/myartbook.com.ar\/en\/terminos-y-condiciones\/\"> <span class=\"screen-reader-text\">T\u00c9RMINOS Y CONDICIONES<\/span> Read More &raquo;<\/a><\/p>","protected":false},"author":1,"featured_media":0,"parent":0,"menu_order":0,"comment_status":"closed","ping_status":"closed","template":"","meta":{"spay_email":""},"_links":{"self":[{"href":"https:\/\/myartbook.com.ar\/en\/wp-json\/wp\/v2\/pages\/49"}],"collection":[{"href":"https:\/\/myartbook.com.ar\/en\/wp-json\/wp\/v2\/pages"}],"about":[{"href":"https:\/\/myartbook.com.ar\/en\/wp-json\/wp\/v2\/types\/page"}],"author":[{"embeddable":true,"href":"https:\/\/myartbook.com.ar\/en\/wp-json\/wp\/v2\/users\/1"}],"replies":[{"embeddable":true,"href":"https:\/\/myartbook.com.ar\/en\/wp-json\/wp\/v2\/comments?post=49"}],"version-history":[{"count":44,"href":"https:\/\/myartbook.com.ar\/en\/wp-json\/wp\/v2\/pages\/49\/revisions"}],"predecessor-version":[{"id":821,"href":"https:\/\/myartbook.com.ar\/en\/wp-json\/wp\/v2\/pages\/49\/revisions\/821"}],"wp:attachment":[{"href":"https:\/\/myartbook.com.ar\/en\/wp-json\/wp\/v2\/media?parent=49"}],"curies":[{"name":"wp","href":"https:\/\/api.w.org\/{rel}","templated":true}]}}